{"id":879,"date":"2018-01-26T14:19:06","date_gmt":"2018-01-26T14:19:06","guid":{"rendered":"http:\/\/fuego.mikado-themes.com\/?page_id=879"},"modified":"2025-05-07T17:55:45","modified_gmt":"2025-05-07T17:55:45","slug":"kontakt","status":"publish","type":"page","link":"https:\/\/2media.cz\/umelci\/kontakt\/","title":{"rendered":"KONTAKT"},"content":{"rendered":"<p>[vc_row row_content_width=&#8220;grid&#8220; css=&#8220;.vc_custom_1633357931849{padding-top: 40px !important;padding-bottom: 60px !important;}&#8220;][vc_column offset=&#8220;vc_col-lg-12 vc_col-md-12&#8243;]<div class=\"mkd-elements-holder   mkd-one-column  mkd-responsive-mode-768 \" ><div class=\"mkd-eh-item    \"  data-item-class=\"mkd-eh-custom-8576\" data-1280-1600=\"0% 45.5% 0% 0%\" data-1024-1280=\"0% 40% 0% 0%\" data-768-1024=\"0% 15% 0% 0%\" data-680-768=\"0% 0%\" data-680=\"0% 0%\">\n\t<div class=\"mkd-eh-item-inner\">\n\t\t<div class=\"mkd-eh-item-content mkd-eh-custom-8576\" style=\"padding: 0% 46% 0% 0%\">\n\t\t\t<div class=\"mkd-section-title-holder  mkd-st-standard mkd-st-title-left mkd-st-normal-space \" >\n\t<div class=\"mkd-st-inner\">\n\t\t\t\t\t<h3 class=\"mkd-st-title\" >\n\t\t\t\tKontakt\t\t\t<\/h3>\n\t\t\t\t\t<\/div>\n<\/div>\t\t<\/div>\n\t<\/div>\n<\/div><\/div>[\/vc_column][\/vc_row][vc_row][vc_column width=&#8220;2\/6&#8243;][vc_column_text]<\/p>\n<h5>Pavl\u00edna Fechterov\u00e1<\/h5>\n<p><strong>creative producer<\/strong><br \/>\ncolumbo@2media.cz<\/p>\n<h5>Johana Urbanov\u00e1<\/h5>\n<p><strong>talent\u00a0agent,\u00a0creative producer<\/strong><br \/>\njohana@2media.cz, +420 775 140 796<\/p>\n<h5>Andrea Urbanov\u00e1<\/h5>\n<p><strong>talent\u00a0agent<\/strong><br \/>\nandrea@2media.cz, +420 776 575 976[\/vc_column_text][vc_column_text css=&#8220;.vc_custom_1719418363412{padding-bottom: 50px !important;}&#8220;]<\/p>\n<h5>Michaela Lama\u010dov\u00e1<\/h5>\n<p><strong>term\u00edny, produkce, agent d\u011btsk\u00fdch herc\u016f<\/strong><\/p>\n<p>misa@2media.cz, +420 777 075 814<\/p>\n<h5>Denisa Winzigov\u00e1<\/h5>\n<p><strong>produkce<\/strong><br \/>\ndenisa@2media.cz,\u00a0+420 774 370 156<\/p>\n<p>[\/vc_column_text][\/vc_column][vc_column width=&#8220;4\/6&#8243;]<div role=\"form\" class=\"wpcf7\" id=\"wpcf7-f2729-o1\" lang=\"en-US\" dir=\"ltr\">\n<div class=\"screen-reader-response\"><p role=\"status\" aria-live=\"polite\" aria-atomic=\"true\"><\/p> <ul><\/ul><\/div>\n<form action=\"\/umelci\/wp-json\/wp\/v2\/pages\/879#wpcf7-f2729-o1\" method=\"post\" class=\"wpcf7-form init\" novalidate=\"novalidate\" data-status=\"init\">\n<div style=\"display: none;\">\n<input type=\"hidden\" name=\"_wpcf7\" value=\"2729\" \/>\n<input type=\"hidden\" name=\"_wpcf7_version\" value=\"5.4.2\" \/>\n<input type=\"hidden\" name=\"_wpcf7_locale\" value=\"en_US\" \/>\n<input type=\"hidden\" name=\"_wpcf7_unit_tag\" value=\"wpcf7-f2729-o1\" \/>\n<input type=\"hidden\" name=\"_wpcf7_container_post\" value=\"0\" \/>\n<input type=\"hidden\" name=\"_wpcf7_posted_data_hash\" value=\"\" \/>\n<\/div>\n<div class=\"two_columns_50_50 clearfix\">\n<div class=\"column1\">\n<div class=\"column_inner\">\n<span class=\"wpcf7-form-control-wrap your-name\"><input type=\"text\" name=\"your-name\" value=\"\" size=\"40\" class=\"wpcf7-form-control wpcf7-text\" aria-invalid=\"false\" placeholder=\"Va\u0161e jm\u00e9no\" \/><\/span>\n<\/div>\n<\/div>\n<div class=\"column2\">\n<div class=\"column_inner\">\n<span class=\"wpcf7-form-control-wrap your-email\"><input type=\"email\" name=\"your-email\" value=\"\" size=\"40\" class=\"wpcf7-form-control wpcf7-text wpcf7-email wpcf7-validates-as-email\" aria-invalid=\"false\" placeholder=\"Va\u0161e e-malov\u00e1 adresa\" \/><\/span>\n<\/div>\n<\/div>\n<\/div>\n<p><span class=\"wpcf7-form-control-wrap message\"><textarea name=\"message\" cols=\"40\" rows=\"10\" class=\"wpcf7-form-control wpcf7-textarea\" aria-invalid=\"false\" placeholder=\"Zpr\u00e1va\"><\/textarea><\/span><\/p>\n<p><input type=\"submit\" value=\"ODESLAT\" class=\"wpcf7-form-control wpcf7-submit\" \/><\/p>\n<p style=\"display: none !important;\"><label>&#916;<textarea name=\"_wpcf7_ak_hp_textarea\" cols=\"45\" rows=\"8\" maxlength=\"100\"><\/textarea><\/label><input type=\"hidden\" id=\"ak_js\" name=\"_wpcf7_ak_js\" value=\"215\"\/><script>document.getElementById( \"ak_js\" ).setAttribute( \"value\", ( new Date() ).getTime() );<\/script><\/p><div class=\"wpcf7-response-output\" aria-hidden=\"true\"><\/div><\/form><\/div>[\/vc_column][\/vc_row]<\/p>\n","protected":false},"excerpt":{"rendered":"<p>[vc_row row_content_width=&#8220;grid&#8220; css=&#8220;.vc_custom_1633357931849{padding-top: 40px !important;padding-bottom: 60px !important;}&#8220;][vc_column offset=&#8220;vc_col-lg-12 vc_col-md-12&#8243;][\/vc_column][\/vc_row][vc_row][vc_column width=&#8220;2\/6&#8243;][vc_column_text] Pavl\u00edna Fechterov\u00e1 creative producer columbo@2media.cz Johana Urbanov\u00e1 talent\u00a0agent,\u00a0creative producer johana@2media.cz, +420 775 140 796 Andrea Urbanov\u00e1 talent\u00a0agent andrea@2media.cz, +420 776 575 976[\/vc_column_text][vc_column_text css=&#8220;.vc_custom_1719418363412{padding-bottom: 50px !important;}&#8220;] Michaela Lama\u010dov\u00e1 term\u00edny, produkce, agent [&hellip;]<\/p>\n","protected":false},"author":1,"featured_media":0,"parent":0,"menu_order":0,"comment_status":"closed","ping_status":"closed","template":"","meta":{"footnotes":""},"_links":{"self":[{"href":"https:\/\/2media.cz\/umelci\/wp-json\/wp\/v2\/pages\/879"}],"collection":[{"href":"https:\/\/2media.cz\/umelci\/wp-json\/wp\/v2\/pages"}],"about":[{"href":"https:\/\/2media.cz\/umelci\/wp-json\/wp\/v2\/types\/page"}],"author":[{"embeddable":true,"href":"https:\/\/2media.cz\/umelci\/wp-json\/wp\/v2\/users\/1"}],"replies":[{"embeddable":true,"href":"https:\/\/2media.cz\/umelci\/wp-json\/wp\/v2\/comments?post=879"}],"version-history":[{"count":93,"href":"https:\/\/2media.cz\/umelci\/wp-json\/wp\/v2\/pages\/879\/revisions"}],"predecessor-version":[{"id":11115,"href":"https:\/\/2media.cz\/umelci\/wp-json\/wp\/v2\/pages\/879\/revisions\/11115"}],"wp:attachment":[{"href":"https:\/\/2media.cz\/umelci\/wp-json\/wp\/v2\/media?parent=879"}],"curies":[{"name":"wp","href":"https:\/\/api.w.org\/{rel}","templated":true}]}}